{"id":407,"date":"2023-03-22T13:09:21","date_gmt":"2023-03-22T12:09:21","guid":{"rendered":"https:\/\/nrj-sun-concept.com\/?page_id=407"},"modified":"2023-03-22T13:23:01","modified_gmt":"2023-03-22T12:23:01","slug":"mentions-legales","status":"publish","type":"page","link":"https:\/\/nrj-sun-concept.com\/index.php\/mentions-legales\/","title":{"rendered":"Mentions l\u00e9gales"},"content":{"rendered":"\t\t<div data-elementor-type=\"wp-page\" data-elementor-id=\"407\" class=\"elementor elementor-407\" data-elementor-post-type=\"page\">\n\t\t\t\t\t\t\t\t\t<section class=\"elementor-section elementor-top-section elementor-element elementor-element-2404c44 elementor-section-boxed elementor-section-height-default elementor-section-height-default\" data-id=\"2404c44\" data-element_type=\"section\">\n\t\t\t\t\t\t<div class=\"elementor-container elementor-column-gap-default\">\n\t\t\t\t\t<div class=\"elementor-column elementor-col-100 elementor-top-column elementor-element elementor-element-a523579\" data-id=\"a523579\" data-element_type=\"column\">\n\t\t\t<div class=\"elementor-widget-wrap elementor-element-populated\">\n\t\t\t\t\t\t\t\t<div class=\"elementor-element elementor-element-e1e1bbc elementor-widget elementor-widget-heading\" data-id=\"e1e1bbc\" data-element_type=\"widget\" data-widget_type=\"heading.default\">\n\t\t\t\t<div class=\"elementor-widget-container\">\n\t\t\t<style>\/*! elementor - v3.15.0 - 20-08-2023 *\/\n.elementor-heading-title{padding:0;margin:0;line-height:1}.elementor-widget-heading .elementor-heading-title[class*=elementor-size-]>a{color:inherit;font-size:inherit;line-height:inherit}.elementor-widget-heading .elementor-heading-title.elementor-size-small{font-size:15px}.elementor-widget-heading .elementor-heading-title.elementor-size-medium{font-size:19px}.elementor-widget-heading .elementor-heading-title.elementor-size-large{font-size:29px}.elementor-widget-heading .elementor-heading-title.elementor-size-xl{font-size:39px}.elementor-widget-heading .elementor-heading-title.elementor-size-xxl{font-size:59px}<\/style><h2 class=\"elementor-heading-title elementor-size-default\">Soci\u00e9t\u00e9<\/h2>\t\t<\/div>\n\t\t\t\t<\/div>\n\t\t\t\t<div class=\"elementor-element elementor-element-4f8fd41 elementor-widget elementor-widget-text-editor\" data-id=\"4f8fd41\" data-element_type=\"widget\" data-widget_type=\"text-editor.default\">\n\t\t\t\t<div class=\"elementor-widget-container\">\n\t\t\t<style>\/*! elementor - v3.15.0 - 20-08-2023 *\/\n.elementor-widget-text-editor.elementor-drop-cap-view-stacked .elementor-drop-cap{background-color:#69727d;color:#fff}.elementor-widget-text-editor.elementor-drop-cap-view-framed .elementor-drop-cap{color:#69727d;border:3px solid;background-color:transparent}.elementor-widget-text-editor:not(.elementor-drop-cap-view-default) .elementor-drop-cap{margin-top:8px}.elementor-widget-text-editor:not(.elementor-drop-cap-view-default) .elementor-drop-cap-letter{width:1em;height:1em}.elementor-widget-text-editor .elementor-drop-cap{float:left;text-align:center;line-height:1;font-size:50px}.elementor-widget-text-editor .elementor-drop-cap-letter{display:inline-block}<\/style>\t\t\t\t<p>NRJ SUN CONCEPT<\/p>\t\t\t\t\t\t<\/div>\n\t\t\t\t<\/div>\n\t\t\t\t<div class=\"elementor-element elementor-element-8b380c2 elementor-widget elementor-widget-heading\" data-id=\"8b380c2\" data-element_type=\"widget\" data-widget_type=\"heading.default\">\n\t\t\t\t<div class=\"elementor-widget-container\">\n\t\t\t<h2 class=\"elementor-heading-title elementor-size-default\">Adresse<\/h2>\t\t<\/div>\n\t\t\t\t<\/div>\n\t\t\t\t<div class=\"elementor-element elementor-element-b5f523c elementor-widget elementor-widget-text-editor\" data-id=\"b5f523c\" data-element_type=\"widget\" data-widget_type=\"text-editor.default\">\n\t\t\t\t<div class=\"elementor-widget-container\">\n\t\t\t\t\t\t\t<p>13 Impasse des jardins &#8211; 11200 Ferrals-les-Corbi\u00e8res France &#8211; 06 42 42 17 59<\/p>\t\t\t\t\t\t<\/div>\n\t\t\t\t<\/div>\n\t\t\t\t<div class=\"elementor-element elementor-element-d47dd6d elementor-widget elementor-widget-heading\" data-id=\"d47dd6d\" data-element_type=\"widget\" data-widget_type=\"heading.default\">\n\t\t\t\t<div class=\"elementor-widget-container\">\n\t\t\t<h2 class=\"elementor-heading-title elementor-size-default\">H\u00e9b\u00e9rgement<\/h2>\t\t<\/div>\n\t\t\t\t<\/div>\n\t\t\t\t<div class=\"elementor-element elementor-element-1460da5 elementor-widget elementor-widget-text-editor\" data-id=\"1460da5\" data-element_type=\"widget\" data-widget_type=\"text-editor.default\">\n\t\t\t\t<div class=\"elementor-widget-container\">\n\t\t\t\t\t\t\t<p>OVH, 2 rue kellermann BP 80157<br \/>59053 ROUBAIX CEDEX 1 \u2013 France<br \/>SAS au capital de 10 059 500,00 \u20ac<br \/>RCS LILLE METROPOLE 424 761 419 00045<br \/>Code APE 2620Z<\/p>\t\t\t\t\t\t<\/div>\n\t\t\t\t<\/div>\n\t\t\t\t<div class=\"elementor-element elementor-element-a2cc7ab elementor-widget elementor-widget-heading\" data-id=\"a2cc7ab\" data-element_type=\"widget\" data-widget_type=\"heading.default\">\n\t\t\t\t<div class=\"elementor-widget-container\">\n\t\t\t<h2 class=\"elementor-heading-title elementor-size-default\">Cookies<\/h2>\t\t<\/div>\n\t\t\t\t<\/div>\n\t\t\t\t<div class=\"elementor-element elementor-element-8724162 elementor-widget elementor-widget-text-editor\" data-id=\"8724162\" data-element_type=\"widget\" data-widget_type=\"text-editor.default\">\n\t\t\t\t<div class=\"elementor-widget-container\">\n\t\t\t\t\t\t\t<p>Si vous d\u00e9posez un commentaire sur notre site, il vous sera propos\u00e9 d\u2019enregistrer votre nom, adresse de messagerie et site web dans des cookies. C\u2019est uniquement pour votre confort afin de ne pas avoir \u00e0 saisir ces informations si vous d\u00e9posez un autre commentaire plus tard. Ces cookies expirent au bout d\u2019un an.<\/p><p>Si vous vous rendez sur la page de connexion, un cookie temporaire sera cr\u00e9\u00e9 afin de d\u00e9terminer si votre navigateur accepte les cookies. Il ne contient pas de donn\u00e9es personnelles et sera supprim\u00e9 automatiquement \u00e0 la fermeture de votre navigateur.<\/p><p>Lorsque vous vous connecterez, nous mettrons en place un certain nombre de cookies pour enregistrer vos informations de connexion et vos pr\u00e9f\u00e9rences d\u2019\u00e9cran. La dur\u00e9e de vie d\u2019un cookie de connexion est de deux jours, celle d\u2019un cookie d\u2019option d\u2019\u00e9cran est d\u2019un an. Si vous cochez \u00ab Se souvenir de moi \u00bb, votre cookie de connexion sera conserv\u00e9 pendant deux semaines. Si vous vous d\u00e9connectez de votre compte, le cookie de connexion sera effac\u00e9.<\/p><p>En modifiant ou en publiant une publication, un cookie suppl\u00e9mentaire sera enregistr\u00e9 dans votre navigateur. Ce cookie ne comprend aucune donn\u00e9e personnelle. Il indique simplement l\u2019ID de la publication que vous venez de modifier. Il expire au bout d\u2019un jour.<\/p>\t\t\t\t\t\t<\/div>\n\t\t\t\t<\/div>\n\t\t\t\t<div class=\"elementor-element elementor-element-dc3f351 elementor-widget elementor-widget-heading\" data-id=\"dc3f351\" data-element_type=\"widget\" data-widget_type=\"heading.default\">\n\t\t\t\t<div class=\"elementor-widget-container\">\n\t\t\t<h2 class=\"elementor-heading-title elementor-size-default\">Contenu embarqu\u00e9 depuis d\u2019autres sites<\/h2>\t\t<\/div>\n\t\t\t\t<\/div>\n\t\t\t\t<div class=\"elementor-element elementor-element-8e9d01b elementor-widget elementor-widget-text-editor\" data-id=\"8e9d01b\" data-element_type=\"widget\" data-widget_type=\"text-editor.default\">\n\t\t\t\t<div class=\"elementor-widget-container\">\n\t\t\t\t\t\t\t<p>Les articles de ce site peuvent inclure des contenus int\u00e9gr\u00e9s (par exemple des vid\u00e9os, images, articles\u2026). Le contenu int\u00e9gr\u00e9 depuis d\u2019autres sites se comporte de la m\u00eame mani\u00e8re que si le visiteur se rendait sur cet autre site.<\/p><p>Ces sites web pourraient collecter des donn\u00e9es sur vous, utiliser des cookies, embarquer des outils de suivis tiers, suivre vos interactions avec ces contenus embarqu\u00e9s si vous disposez d\u2019un compte connect\u00e9 sur leur site web.<\/p>\t\t\t\t\t\t<\/div>\n\t\t\t\t<\/div>\n\t\t\t\t<div class=\"elementor-element elementor-element-1fe100c elementor-widget elementor-widget-heading\" data-id=\"1fe100c\" data-element_type=\"widget\" data-widget_type=\"heading.default\">\n\t\t\t\t<div class=\"elementor-widget-container\">\n\t\t\t<h2 class=\"elementor-heading-title elementor-size-default\">Dur\u00e9es de stockage de vos donn\u00e9es<\/h2>\t\t<\/div>\n\t\t\t\t<\/div>\n\t\t\t\t<div class=\"elementor-element elementor-element-645d14a elementor-widget elementor-widget-text-editor\" data-id=\"645d14a\" data-element_type=\"widget\" data-widget_type=\"text-editor.default\">\n\t\t\t\t<div class=\"elementor-widget-container\">\n\t\t\t\t\t\t\t<p>Si vous laissez un commentaire, le commentaire et ses m\u00e9tadonn\u00e9es sont conserv\u00e9s ind\u00e9finiment. Cela permet de reconna\u00eetre et approuver automatiquement les commentaires suivants au lieu de les laisser dans la file de mod\u00e9ration.<\/p><p>Pour les comptes qui s\u2019inscrivent sur notre site (le cas \u00e9ch\u00e9ant), nous stockons \u00e9galement les donn\u00e9es personnelles indiqu\u00e9es dans leur profil. Tous les comptes peuvent voir, modifier ou supprimer leurs informations personnelles \u00e0 tout moment (\u00e0 l\u2019exception de leur identifiant). Les gestionnaires du site peuvent aussi voir et modifier ces informations.<\/p>\t\t\t\t\t\t<\/div>\n\t\t\t\t<\/div>\n\t\t\t\t<div class=\"elementor-element elementor-element-952e909 elementor-widget elementor-widget-heading\" data-id=\"952e909\" data-element_type=\"widget\" data-widget_type=\"heading.default\">\n\t\t\t\t<div class=\"elementor-widget-container\">\n\t\t\t<h2 class=\"elementor-heading-title elementor-size-default\">Les droits que vous avez sur vos donn\u00e9es<\/h2>\t\t<\/div>\n\t\t\t\t<\/div>\n\t\t\t\t<div class=\"elementor-element elementor-element-30bbcde elementor-widget elementor-widget-text-editor\" data-id=\"30bbcde\" data-element_type=\"widget\" data-widget_type=\"text-editor.default\">\n\t\t\t\t<div class=\"elementor-widget-container\">\n\t\t\t\t\t\t\t<p>Si vous avez un compte ou si vous avez laiss\u00e9 des commentaires sur le site, vous pouvez demander \u00e0 recevoir un fichier contenant toutes les donn\u00e9es personnelles que nous poss\u00e9dons \u00e0 votre sujet, incluant celles que vous nous avez fournies. Vous pouvez \u00e9galement demander la suppression des donn\u00e9es personnelles vous concernant. Cela ne prend pas en compte les donn\u00e9es stock\u00e9es \u00e0 des fins administratives, l\u00e9gales ou pour des raisons de s\u00e9curit\u00e9.<\/p>\t\t\t\t\t\t<\/div>\n\t\t\t\t<\/div>\n\t\t\t\t<div class=\"elementor-element elementor-element-d14a487 elementor-widget elementor-widget-heading\" data-id=\"d14a487\" data-element_type=\"widget\" data-widget_type=\"heading.default\">\n\t\t\t\t<div class=\"elementor-widget-container\">\n\t\t\t<h2 class=\"elementor-heading-title elementor-size-default\">Transmission de vos donn\u00e9es personnelles<\/h2>\t\t<\/div>\n\t\t\t\t<\/div>\n\t\t\t\t<div class=\"elementor-element elementor-element-250d595 elementor-widget elementor-widget-text-editor\" data-id=\"250d595\" data-element_type=\"widget\" data-widget_type=\"text-editor.default\">\n\t\t\t\t<div class=\"elementor-widget-container\">\n\t\t\t\t\t\t\tLes commentaires des visiteurs peuvent \u00eatre v\u00e9rifi\u00e9s \u00e0 l\u2019aide d\u2019un \nservice automatis\u00e9 de d\u00e9tection des commentaires ind\u00e9sirables.\t\t\t\t\t\t<\/div>\n\t\t\t\t<\/div>\n\t\t\t\t<div class=\"elementor-element elementor-element-0fb9b6e elementor-widget elementor-widget-heading\" data-id=\"0fb9b6e\" data-element_type=\"widget\" data-widget_type=\"heading.default\">\n\t\t\t\t<div class=\"elementor-widget-container\">\n\t\t\t<h2 class=\"elementor-heading-title elementor-size-default\">Propri\u00e9t\u00e9 intellectuelle<\/h2>\t\t<\/div>\n\t\t\t\t<\/div>\n\t\t\t\t<div class=\"elementor-element elementor-element-d8810ef elementor-widget elementor-widget-text-editor\" data-id=\"d8810ef\" data-element_type=\"widget\" data-widget_type=\"text-editor.default\">\n\t\t\t\t<div class=\"elementor-widget-container\">\n\t\t\t\t\t\t\t<p>La structure du site www.nrj-sun-concept.com ainsi que l\u2019ensemble des textes, images, sons et logos qui le constituent sont la propri\u00e9t\u00e9 exclusive de Matrice Nature ou ont fait l\u2019objet d\u2019une cession partielle de droit ou d\u2019une autorisation de publication par leurs auteurs.<\/p><p>Toute reproduction, par quelque moyen que ce soit, de tout ou partie du site ou de son contenu est strictement interdit, sauf autorisation expresse \u00e0 adresser par mail \u00e0 contact@nrj-sun-concept.com<\/p><p>Ce site internet a \u00e9t\u00e9 r\u00e9alis\u00e9 par l\u2019agence ATS<\/p><p>\u00a0<\/p>\t\t\t\t\t\t<\/div>\n\t\t\t\t<\/div>\n\t\t\t\t\t<\/div>\n\t\t<\/div>\n\t\t\t\t\t\t\t<\/div>\n\t\t<\/section>\n\t\t\t\t\t\t\t<\/div>\n\t\t","protected":false},"excerpt":{"rendered":"<p>Soci\u00e9t\u00e9 NRJ SUN CONCEPT Adresse 13 Impasse des jardins &#8211; 11200 Ferrals-les-Corbi\u00e8res France &#8211; 06 42 42 17 59 H\u00e9b\u00e9rgement OVH, 2 rue kellermann BP 8015759053 ROUBAIX CEDEX 1 \u2013 FranceSAS au capital de 10 059 500,00 \u20acRCS LILLE METROPOLE 424 761 419 00045Code APE 2620Z Cookies Si vous d\u00e9posez un commentaire sur notre site, [&hellip;]<\/p>\n","protected":false},"author":1,"featured_media":0,"parent":0,"menu_order":0,"comment_status":"closed","ping_status":"closed","template":"","meta":{"footnotes":""},"yoast_head":"<!-- This site is optimized with the Yoast SEO plugin v21.0 - https:\/\/yoast.com\/wordpress\/plugins\/seo\/ -->\n<title>Mentions l\u00e9gales - NRJ SUN CONCEPT<\/title>\n<meta name=\"robots\" content=\"index, follow, max-snippet:-1, max-image-preview:large, max-video-preview:-1\" \/>\n<link rel=\"canonical\" href=\"https:\/\/nrj-sun-concept.com\/index.php\/mentions-legales\/\" \/>\n<meta property=\"og:locale\" content=\"fr_FR\" \/>\n<meta property=\"og:type\" content=\"article\" \/>\n<meta property=\"og:title\" content=\"Mentions l\u00e9gales - NRJ SUN CONCEPT\" \/>\n<meta property=\"og:description\" content=\"Soci\u00e9t\u00e9 NRJ SUN CONCEPT Adresse 13 Impasse des jardins &#8211; 11200 Ferrals-les-Corbi\u00e8res France &#8211; 06 42 42 17 59 H\u00e9b\u00e9rgement OVH, 2 rue kellermann BP 8015759053 ROUBAIX CEDEX 1 \u2013 FranceSAS au capital de 10 059 500,00 \u20acRCS LILLE METROPOLE 424 761 419 00045Code APE 2620Z Cookies Si vous d\u00e9posez un commentaire sur notre site, [&hellip;]\" \/>\n<meta property=\"og:url\" content=\"https:\/\/nrj-sun-concept.com\/index.php\/mentions-legales\/\" \/>\n<meta property=\"og:site_name\" content=\"NRJ SUN CONCEPT\" \/>\n<meta property=\"article:modified_time\" content=\"2023-03-22T12:23:01+00:00\" \/>\n<meta name=\"twitter:card\" content=\"summary_large_image\" \/>\n<meta name=\"twitter:label1\" content=\"Dur\u00e9e de lecture estim\u00e9e\" \/>\n\t<meta name=\"twitter:data1\" content=\"4 minutes\" \/>\n<script type=\"application\/ld+json\" class=\"yoast-schema-graph\">{\"@context\":\"https:\/\/schema.org\",\"@graph\":[{\"@type\":\"WebPage\",\"@id\":\"https:\/\/nrj-sun-concept.com\/index.php\/mentions-legales\/\",\"url\":\"https:\/\/nrj-sun-concept.com\/index.php\/mentions-legales\/\",\"name\":\"Mentions l\u00e9gales - NRJ SUN CONCEPT\",\"isPartOf\":{\"@id\":\"https:\/\/nrj-sun-concept.com\/#website\"},\"datePublished\":\"2023-03-22T12:09:21+00:00\",\"dateModified\":\"2023-03-22T12:23:01+00:00\",\"breadcrumb\":{\"@id\":\"https:\/\/nrj-sun-concept.com\/index.php\/mentions-legales\/#breadcrumb\"},\"inLanguage\":\"fr-FR\",\"potentialAction\":[{\"@type\":\"ReadAction\",\"target\":[\"https:\/\/nrj-sun-concept.com\/index.php\/mentions-legales\/\"]}]},{\"@type\":\"BreadcrumbList\",\"@id\":\"https:\/\/nrj-sun-concept.com\/index.php\/mentions-legales\/#breadcrumb\",\"itemListElement\":[{\"@type\":\"ListItem\",\"position\":1,\"name\":\"Accueil\",\"item\":\"https:\/\/nrj-sun-concept.com\/\"},{\"@type\":\"ListItem\",\"position\":2,\"name\":\"Mentions l\u00e9gales\"}]},{\"@type\":\"WebSite\",\"@id\":\"https:\/\/nrj-sun-concept.com\/#website\",\"url\":\"https:\/\/nrj-sun-concept.com\/\",\"name\":\"NRJ SUN CONCEPT\",\"description\":\"L&#039;\u00e9nergie ne se cr\u00e9e pas, elle se transforme\",\"publisher\":{\"@id\":\"https:\/\/nrj-sun-concept.com\/#organization\"},\"potentialAction\":[{\"@type\":\"SearchAction\",\"target\":{\"@type\":\"EntryPoint\",\"urlTemplate\":\"https:\/\/nrj-sun-concept.com\/?s={search_term_string}\"},\"query-input\":\"required name=search_term_string\"}],\"inLanguage\":\"fr-FR\"},{\"@type\":\"Organization\",\"@id\":\"https:\/\/nrj-sun-concept.com\/#organization\",\"name\":\"NRJ SUN CONCEPT\",\"url\":\"https:\/\/nrj-sun-concept.com\/\",\"logo\":{\"@type\":\"ImageObject\",\"inLanguage\":\"fr-FR\",\"@id\":\"https:\/\/nrj-sun-concept.com\/#\/schema\/logo\/image\/\",\"url\":\"https:\/\/i0.wp.com\/nrj-sun-concept.com\/wp-content\/uploads\/2023\/03\/cropped-logo-nrj-sun-concept2023.png?fit=512%2C512&ssl=1\",\"contentUrl\":\"https:\/\/i0.wp.com\/nrj-sun-concept.com\/wp-content\/uploads\/2023\/03\/cropped-logo-nrj-sun-concept2023.png?fit=512%2C512&ssl=1\",\"width\":512,\"height\":512,\"caption\":\"NRJ SUN CONCEPT\"},\"image\":{\"@id\":\"https:\/\/nrj-sun-concept.com\/#\/schema\/logo\/image\/\"}}]}<\/script>\n<!-- \/ Yoast SEO plugin. -->","yoast_head_json":{"title":"Mentions l\u00e9gales - NRJ SUN CONCEPT","robots":{"index":"index","follow":"follow","max-snippet":"max-snippet:-1","max-image-preview":"max-image-preview:large","max-video-preview":"max-video-preview:-1"},"canonical":"https:\/\/nrj-sun-concept.com\/index.php\/mentions-legales\/","og_locale":"fr_FR","og_type":"article","og_title":"Mentions l\u00e9gales - NRJ SUN CONCEPT","og_description":"Soci\u00e9t\u00e9 NRJ SUN CONCEPT Adresse 13 Impasse des jardins &#8211; 11200 Ferrals-les-Corbi\u00e8res France &#8211; 06 42 42 17 59 H\u00e9b\u00e9rgement OVH, 2 rue kellermann BP 8015759053 ROUBAIX CEDEX 1 \u2013 FranceSAS au capital de 10 059 500,00 \u20acRCS LILLE METROPOLE 424 761 419 00045Code APE 2620Z Cookies Si vous d\u00e9posez un commentaire sur notre site, [&hellip;]","og_url":"https:\/\/nrj-sun-concept.com\/index.php\/mentions-legales\/","og_site_name":"NRJ SUN CONCEPT","article_modified_time":"2023-03-22T12:23:01+00:00","twitter_card":"summary_large_image","twitter_misc":{"Dur\u00e9e de lecture estim\u00e9e":"4 minutes"},"schema":{"@context":"https:\/\/schema.org","@graph":[{"@type":"WebPage","@id":"https:\/\/nrj-sun-concept.com\/index.php\/mentions-legales\/","url":"https:\/\/nrj-sun-concept.com\/index.php\/mentions-legales\/","name":"Mentions l\u00e9gales - NRJ SUN CONCEPT","isPartOf":{"@id":"https:\/\/nrj-sun-concept.com\/#website"},"datePublished":"2023-03-22T12:09:21+00:00","dateModified":"2023-03-22T12:23:01+00:00","breadcrumb":{"@id":"https:\/\/nrj-sun-concept.com\/index.php\/mentions-legales\/#breadcrumb"},"inLanguage":"fr-FR","potentialAction":[{"@type":"ReadAction","target":["https:\/\/nrj-sun-concept.com\/index.php\/mentions-legales\/"]}]},{"@type":"BreadcrumbList","@id":"https:\/\/nrj-sun-concept.com\/index.php\/mentions-legales\/#breadcrumb","itemListElement":[{"@type":"ListItem","position":1,"name":"Accueil","item":"https:\/\/nrj-sun-concept.com\/"},{"@type":"ListItem","position":2,"name":"Mentions l\u00e9gales"}]},{"@type":"WebSite","@id":"https:\/\/nrj-sun-concept.com\/#website","url":"https:\/\/nrj-sun-concept.com\/","name":"NRJ SUN CONCEPT","description":"L&#039;\u00e9nergie ne se cr\u00e9e pas, elle se transforme","publisher":{"@id":"https:\/\/nrj-sun-concept.com\/#organization"},"potentialAction":[{"@type":"SearchAction","target":{"@type":"EntryPoint","urlTemplate":"https:\/\/nrj-sun-concept.com\/?s={search_term_string}"},"query-input":"required name=search_term_string"}],"inLanguage":"fr-FR"},{"@type":"Organization","@id":"https:\/\/nrj-sun-concept.com\/#organization","name":"NRJ SUN CONCEPT","url":"https:\/\/nrj-sun-concept.com\/","logo":{"@type":"ImageObject","inLanguage":"fr-FR","@id":"https:\/\/nrj-sun-concept.com\/#\/schema\/logo\/image\/","url":"https:\/\/i0.wp.com\/nrj-sun-concept.com\/wp-content\/uploads\/2023\/03\/cropped-logo-nrj-sun-concept2023.png?fit=512%2C512&ssl=1","contentUrl":"https:\/\/i0.wp.com\/nrj-sun-concept.com\/wp-content\/uploads\/2023\/03\/cropped-logo-nrj-sun-concept2023.png?fit=512%2C512&ssl=1","width":512,"height":512,"caption":"NRJ SUN CONCEPT"},"image":{"@id":"https:\/\/nrj-sun-concept.com\/#\/schema\/logo\/image\/"}}]}},"_links":{"self":[{"href":"https:\/\/nrj-sun-concept.com\/index.php\/wp-json\/wp\/v2\/pages\/407"}],"collection":[{"href":"https:\/\/nrj-sun-concept.com\/index.php\/wp-json\/wp\/v2\/pages"}],"about":[{"href":"https:\/\/nrj-sun-concept.com\/index.php\/wp-json\/wp\/v2\/types\/page"}],"author":[{"embeddable":true,"href":"https:\/\/nrj-sun-concept.com\/index.php\/wp-json\/wp\/v2\/users\/1"}],"replies":[{"embeddable":true,"href":"https:\/\/nrj-sun-concept.com\/index.php\/wp-json\/wp\/v2\/comments?post=407"}],"version-history":[{"count":13,"href":"https:\/\/nrj-sun-concept.com\/index.php\/wp-json\/wp\/v2\/pages\/407\/revisions"}],"predecessor-version":[{"id":420,"href":"https:\/\/nrj-sun-concept.com\/index.php\/wp-json\/wp\/v2\/pages\/407\/revisions\/420"}],"wp:attachment":[{"href":"https:\/\/nrj-sun-concept.com\/index.php\/wp-json\/wp\/v2\/media?parent=407"}],"curies":[{"name":"wp","href":"https:\/\/api.w.org\/{rel}","templated":true}]}}